{"id":1078,"date":"2024-03-28T15:20:54","date_gmt":"2024-03-28T15:20:54","guid":{"rendered":"https:\/\/namthienlong.co.uk\/dich-thuat-cong-chung\/"},"modified":"2024-04-16T19:44:37","modified_gmt":"2024-04-16T19:44:37","slug":"dich-thuat-cong-chung","status":"publish","type":"page","link":"https:\/\/namthienlong.co.uk\/en\/dich-vu-khac\/dich-thuat-cong-chung\/","title":{"rendered":"Notarized Translation"},"content":{"rendered":"\n  <div class=\"banner has-hover\" id=\"banner-128740613\">\n          <div class=\"banner-inner fill\">\n        <div class=\"banner-bg fill\" >\n            <img loading=\"lazy\" decoding=\"async\" width=\"1920\" height=\"1280\" src=\"https:\/\/namthienlong.co.uk\/wp-content\/uploads\/2024\/03\/pexels-yan-krukau-8867474-scaled.jpg\" class=\"bg attachment-original size-original\" alt=\"\" \/>                        <div class=\"overlay\"><\/div>            \n                    <\/div>\n\t\t\n        <div class=\"banner-layers container\">\n            <div class=\"fill banner-link\"><\/div>            \n   <div id=\"text-box-1250766266\" class=\"text-box banner-layer x50 md-x50 lg-x50 y50 md-y50 lg-y50 res-text\">\n                                <div class=\"text-box-content text dark\">\n              \n              <div class=\"text-inner text-center\">\n                  \n\t<div id=\"text-3358345684\" class=\"text\">\n\t\t\n<h3 class=\"uppercase\"><strong>Notarized translation<\/strong><\/h3>\n\t\t\n<style>\n#text-3358345684 {\n  font-size: 1.4rem;\n}\n<\/style>\n\t<\/div>\n\t\n              <\/div>\n           <\/div>\n                            \n<style>\n#text-box-1250766266 {\n  width: 60%;\n}\n#text-box-1250766266 .text-box-content {\n  font-size: 100%;\n}\n<\/style>\n    <\/div>\n \n        <\/div>\n      <\/div>\n\n            \n<style>\n#banner-128740613 {\n  padding-top: 400px;\n}\n#banner-128740613 .overlay {\n  background-color: rgba(0, 0, 0, 0.61);\n}\n<\/style>\n  <\/div>\n\n\n\n\t<section class=\"section\" id=\"section_337494982\">\n\t\t<div class=\"section-bg fill\" >\n\t\t\t\t\t\t\t\t\t\n\t\t\t\n\n\t\t<\/div>\n\n\t\t\n\n\t\t<div class=\"section-content relative\">\n\t\t\t\n<div class=\"row\"  id=\"row-469936966\">\n\n\t<div id=\"col-506785344\" class=\"col medium-9 small-12 large-9\"  >\n\t\t\t\t<div class=\"col-inner\"  >\n\t\t\t\n\t\t\t\n\t<div class=\"img has-hover x md-x lg-x y md-y lg-y\" id=\"image_1146274690\">\n\t\t\t\t\t\t\t\t<div class=\"img-inner dark\" >\n\t\t\t<img loading=\"lazy\" decoding=\"async\" width=\"1920\" height=\"1440\" src=\"https:\/\/namthienlong.co.uk\/wp-content\/uploads\/2024\/03\/pexels-pixabay-261679-scaled.jpg\" class=\"attachment-large size-large\" alt=\"\" \/>\t\t\t\t\t\t\n\t\t\t\t\t<\/div>\n\t\t\t\t\t\t\t\t\n<style>\n#image_1146274690 {\n  width: 100%;\n}\n<\/style>\n\t<\/div>\n\t\n<h1><span style=\"color: #000080;\">Notarized Translation: Assurance of Quality and Integrity<\/span><\/h1>\n<p>Embark upon our notarized translation service and unlock the gateway to precision in translating pivotal documents such as passports, identification papers, contractual agreements, and various legal instruments. At Nam Thi\u00ean Long Travel Company, our solemn pledge is to furnish you with translations of unparalleled quality, steadfast reliability, and unwavering punctuality. Entrust us with your documentation, and seamlessly navigate through all formalities with utmost ease and convenience.<\/p>\n\t\t<\/div>\n\t\t\t\t\t<\/div>\n\n\t\n\n\t<div id=\"col-1971685338\" class=\"col hide-for-small medium-3 small-12 large-3\"  >\n\t\t\t\t<div class=\"col-inner\"  >\n\t\t\t\n\t\t\t\n<div class=\"row\"  id=\"row-2025971295\">\n\n\n\t<div id=\"col-420519018\" class=\"col menu-bg small-12 large-12\"  >\n\t\t\t\t<div class=\"col-inner\"  >\n\t\t\t\n\t\t\t\n\n\t<div id=\"gap-990911241\" class=\"gap-element clearfix\" style=\"display:block; height:auto;\">\n\t\t\n<style>\n#gap-990911241 {\n  padding-top: 20px;\n}\n<\/style>\n\t<\/div>\n\t\n\n<h3>D\u1ecbch V\u1ee5<\/h3>\n<div class=\"is-divider divider clearfix\" style=\"max-width:100%;height:1px;background-color:rgb(24, 121, 93);\"><\/div>\n\n\t<div class=\"ux-menu stack stack-col justify-start menu-line ux-menu--divider-solid\">\n\t\t\n\n\t<div class=\"ux-menu-link flex menu-item\">\n\t\t<a class=\"ux-menu-link__link flex\" href=\"https:\/\/namthienlong.co.uk\/visa\/\" >\n\t\t\t\t\t\t<span class=\"ux-menu-link__text\">\n\t\t\t\tVisa\t\t\t<\/span>\n\t\t<\/a>\n\t<\/div>\n\t\n\n\t<div class=\"ux-menu-link flex menu-item\">\n\t\t<a class=\"ux-menu-link__link flex\" href=\"https:\/\/namthienlong.co.uk\/ve-may-bay\/\" >\n\t\t\t\t\t\t<span class=\"ux-menu-link__text\">\n\t\t\t\tV\u00e9 m\u00e1y bay\t\t\t<\/span>\n\t\t<\/a>\n\t<\/div>\n\t\n\n\t<div class=\"ux-menu-link flex menu-item\">\n\t\t<a class=\"ux-menu-link__link flex\" href=\"https:\/\/namthienlong.co.uk\/ho-chieu\/\" >\n\t\t\t\t\t\t<span class=\"ux-menu-link__text\">\n\t\t\t\tH\u1ed9 chi\u1ebfu\t\t\t<\/span>\n\t\t<\/a>\n\t<\/div>\n\t\n\n\t<div class=\"ux-menu-link flex menu-item\">\n\t\t<a class=\"ux-menu-link__link flex\" href=\"https:\/\/namthienlong.co.uk\" >\n\t\t\t\t\t\t<span class=\"ux-menu-link__text\">\n\t\t\t\tD\u1ecbch v\u1ee5 kh\u00e1c\t\t\t<\/span>\n\t\t<\/a>\n\t<\/div>\n\t\n\n\t<div class=\"ux-menu-link flex menu-item\">\n\t\t<a class=\"ux-menu-link__link flex\" href=\"https:\/\/namthienlong.co.uk\/dich-vu-khac\/dich-vu-hoi-huong\/\" >\n\t\t\t\t\t\t<span class=\"ux-menu-link__text\">\n\t\t\t\tD\u1ecbch v\u1ee5 h\u1ed3i h\u01b0\u01a1ng\t\t\t<\/span>\n\t\t<\/a>\n\t<\/div>\n\t\n\n\t<div class=\"ux-menu-link flex menu-item\">\n\t\t<a class=\"ux-menu-link__link flex\" href=\"https:\/\/namthienlong.co.uk\/dich-vu-khac\/dich-thuat-cong-chung\/\" >\n\t\t\t\t\t\t<span class=\"ux-menu-link__text\">\n\t\t\t\tD\u1ecbch thu\u1eadt, c\u00f4ng ch\u1ee9ng\t\t\t<\/span>\n\t\t<\/a>\n\t<\/div>\n\t\n\n\t<div class=\"ux-menu-link flex menu-item\">\n\t\t<a class=\"ux-menu-link__link flex\" href=\"https:\/\/namthienlong.co.uk\/dich-vu-khac\/hop-phap-hoa-lanh-su\/\" >\n\t\t\t\t\t\t<span class=\"ux-menu-link__text\">\n\t\t\t\tH\u1ee3p ph\u00e1p h\u00f3a l\u00e3nh s\u1ef1\t\t\t<\/span>\n\t\t<\/a>\n\t<\/div>\n\t\n\n\t<div class=\"ux-menu-link flex menu-item\">\n\t\t<a class=\"ux-menu-link__link flex\" href=\"https:\/\/namthienlong.co.uk\/dich-vu-khac\/dich-vu-dua-don-san-bay\/\" >\n\t\t\t\t\t\t<span class=\"ux-menu-link__text\">\n\t\t\t\tD\u1ecbch v\u1ee5 \u0111\u01b0a \u0111\u00f3n s\u00e2n bay\t\t\t<\/span>\n\t\t<\/a>\n\t<\/div>\n\t\n\n\n\t<\/div>\n\t\n\n\t\t<\/div>\n\t\t\t\t\t<\/div>\n\n\t\n\n<\/div>\n<div class=\"row\"  id=\"row-99189986\">\n\n\n\t<div id=\"col-1245353711\" class=\"col small-12 large-12\"  >\n\t\t\t\t<div class=\"col-inner\"  >\n\t\t\t\n\t\t\t\n\n<h3>Tin t\u1ee9c<\/h3>\n<div class=\"is-divider divider clearfix\" style=\"max-width:100%;height:1px;background-color:rgb(24, 121, 93);\"><\/div>\n\n\n  \n    <div class=\"row large-columns-1 medium-columns-1 small-columns-1\" >\n  <\/div>\n\n\n\t\t<\/div>\n\t\t\t\t\t<\/div>\n\n\t\n\n<\/div>\n\t\t<\/div>\n\t\t\t\t\t<\/div>\n\n\t\n<\/div>\n\t\t<\/div>\n\n\t\t\n<style>\n#section_337494982 {\n  padding-top: 30px;\n  padding-bottom: 30px;\n}\n<\/style>\n\t<\/section>\n\t\n","protected":false},"excerpt":{"rendered":"","protected":false},"author":2,"featured_media":0,"parent":1115,"menu_order":0,"comment_status":"closed","ping_status":"closed","template":"page-blank.php","meta":{"inline_featured_image":false,"footnotes":""},"class_list":["post-1078","page","type-page","status-publish","hentry"],"_links":{"self":[{"href":"https:\/\/namthienlong.co.uk\/en\/wp-json\/wp\/v2\/pages\/1078","targetHints":{"allow":["GET"]}}],"collection":[{"href":"https:\/\/namthienlong.co.uk\/en\/wp-json\/wp\/v2\/pages"}],"about":[{"href":"https:\/\/namthienlong.co.uk\/en\/wp-json\/wp\/v2\/types\/page"}],"author":[{"embeddable":true,"href":"https:\/\/namthienlong.co.uk\/en\/wp-json\/wp\/v2\/users\/2"}],"replies":[{"embeddable":true,"href":"https:\/\/namthienlong.co.uk\/en\/wp-json\/wp\/v2\/comments?post=1078"}],"version-history":[{"count":4,"href":"https:\/\/namthienlong.co.uk\/en\/wp-json\/wp\/v2\/pages\/1078\/revisions"}],"predecessor-version":[{"id":1205,"href":"https:\/\/namthienlong.co.uk\/en\/wp-json\/wp\/v2\/pages\/1078\/revisions\/1205"}],"up":[{"embeddable":true,"href":"https:\/\/namthienlong.co.uk\/en\/wp-json\/wp\/v2\/pages\/1115"}],"wp:attachment":[{"href":"https:\/\/namthienlong.co.uk\/en\/wp-json\/wp\/v2\/media?parent=1078"}],"curies":[{"name":"wp","href":"https:\/\/api.w.org\/{rel}","templated":true}]}}