{"id":1083,"date":"2024-03-27T18:26:15","date_gmt":"2024-03-27T18:26:15","guid":{"rendered":"https:\/\/namthienlong.co.uk\/dich-vu-hoi-huong\/"},"modified":"2024-04-16T19:36:43","modified_gmt":"2024-04-16T19:36:43","slug":"dich-vu-hoi-huong","status":"publish","type":"page","link":"https:\/\/namthienlong.co.uk\/en\/dich-vu-khac\/dich-vu-hoi-huong\/","title":{"rendered":"Voluntary Returns Service"},"content":{"rendered":"\n  <div class=\"banner has-hover\" id=\"banner-1904424427\">\n          <div class=\"banner-inner fill\">\n        <div class=\"banner-bg fill\" >\n            <img loading=\"lazy\" decoding=\"async\" width=\"2560\" height=\"1706\" src=\"https:\/\/namthienlong.co.uk\/wp-content\/uploads\/2024\/03\/pexels-nicole-michalou-5764903-scaled.jpg\" class=\"bg attachment-original size-original\" alt=\"\" \/>                        <div class=\"overlay\"><\/div>            \n                    <\/div>\n\t\t\n        <div class=\"banner-layers container\">\n            <div class=\"fill banner-link\"><\/div>            \n   <div id=\"text-box-976791132\" class=\"text-box banner-layer x50 md-x50 lg-x50 y50 md-y50 lg-y50 res-text\">\n                                <div class=\"text-box-content text dark\">\n              \n              <div class=\"text-inner text-center\">\n                  \n\t<div id=\"text-479110348\" class=\"text\">\n\t\t\n<h3 class=\"uppercase\"><strong>Voluntary Returns service<\/strong><\/h3>\n\t\t\n<style>\n#text-479110348 {\n  font-size: 1.4rem;\n}\n<\/style>\n\t<\/div>\n\t\n              <\/div>\n           <\/div>\n                            \n<style>\n#text-box-976791132 {\n  width: 60%;\n}\n#text-box-976791132 .text-box-content {\n  font-size: 100%;\n}\n<\/style>\n    <\/div>\n \n        <\/div>\n      <\/div>\n\n            \n<style>\n#banner-1904424427 {\n  padding-top: 400px;\n}\n#banner-1904424427 .overlay {\n  background-color: rgba(0, 0, 0, 0.61);\n}\n<\/style>\n  <\/div>\n\n\n\n\t<section class=\"section\" id=\"section_1746500797\">\n\t\t<div class=\"section-bg fill\" >\n\t\t\t\t\t\t\t\t\t\n\t\t\t\n\n\t\t<\/div>\n\n\t\t\n\n\t\t<div class=\"section-content relative\">\n\t\t\t\n<div class=\"row\"  id=\"row-2106835195\">\n\n\t<div id=\"col-2048592459\" class=\"col medium-9 small-12 large-9\"  >\n\t\t\t\t<div class=\"col-inner\"  >\n\t\t\t\n\t\t\t\n\t<div class=\"img has-hover x md-x lg-x y md-y lg-y\" id=\"image_1373051767\">\n\t\t\t\t\t\t\t\t<div class=\"img-inner dark\" >\n\t\t\t<img loading=\"lazy\" decoding=\"async\" width=\"2560\" height=\"1707\" src=\"https:\/\/namthienlong.co.uk\/wp-content\/uploads\/2024\/03\/pexels-pixabay-39691-scaled.jpg\" class=\"attachment-large size-large\" alt=\"\" \/>\t\t\t\t\t\t\n\t\t\t\t\t<\/div>\n\t\t\t\t\t\t\t\t\n<style>\n#image_1373051767 {\n  width: 100%;\n}\n<\/style>\n\t<\/div>\n\t\n<h1>Voluntary Return Program for Vietnamese Citizens by the Home Office in the United Kingdom<\/h1>\n<p>Are you in search of a reliable and professional solution to support your repatriation process to Vietnam? Allow us, the dedicated team at Nam Thien Long Travel Company, to accompany you on this journey. We provide comprehensive advisory services and full authorization related to repatriation matters to ensure that all procedures are carried out smoothly and efficiently.&#8221;<\/p>\n<p><img loading=\"lazy\" decoding=\"async\" class=\"alignnone size-full wp-image-784\" src=\"https:\/\/namthienlong.co.uk\/wp-content\/uploads\/2024\/03\/pexels-nicole-michalou-5764889-scaled.jpg\" alt=\"\" width=\"2560\" height=\"1706\" \/><\/p>\n<h2><span style=\"color: #000080;\">Assistance Recipients:<\/span><\/h2>\n<p>We specialize in advising and providing assistance to the following recipients:<\/p>\n<ul>\n<li>Vietnamese Individuals Without Residency Documentation: You lack residency documentation in the United Kingdom but wish to return to your homeland.<\/li>\n<li>Individuals with No Prior Convictions or Clean Records: We will assist individuals with no criminal convictions or records related to criminal offenses.<\/li>\n<li>Unauthorized Immigrants or Overstayers: If you are an unauthorized immigrant or have overstayed your visa in the UK, we will also support you in the repatriation process.<\/li>\n<li>Individuals with Financial Constraints for Repatriation Flights: We understand that some individuals may face financial constraints, and we will provide assistance to help cover the costs of repatriation flights.<\/li>\n<\/ul>\n<p><img loading=\"lazy\" decoding=\"async\" class=\"alignnone  wp-image-794\" src=\"https:\/\/namthienlong.co.uk\/wp-content\/uploads\/2024\/03\/pexels-rdne-stock-project-6114174-scaled.jpg\" alt=\"\" width=\"416\" height=\"624\" \/><\/p>\n<h2><span style=\"color: #000080;\">Information Needed to Provide:<\/span><\/h2>\n<p>To Register for Voluntary Return to Vietnam, Please Provide the Following Information:<\/p>\n<ol>\n<li>Valid Vietnamese Passport (Original)<\/li>\n<li>Personal Information: Full Name, Date of Birth, Address and Contact Phone Number in the UK, Permanent Address in Vietnam, Health Condition, Marital Status<\/li>\n<li>Entry Date to the UK and Means of Transportation<\/li>\n<li>Reason for Repatriation<\/li>\n<\/ol>\n<p>Thank you for your cooperation.<\/p>\n<p><img loading=\"lazy\" decoding=\"async\" class=\"alignnone size-full wp-image-795\" src=\"https:\/\/namthienlong.co.uk\/wp-content\/uploads\/2024\/03\/pexels-rdne-stock-project-8209895-scaled.jpg\" alt=\"\" width=\"2560\" height=\"1707\" \/><\/p>\n<h2><span style=\"color: #993300;\">Contact Us:<\/span><\/h2>\n<p>Please reach out to us today for personalized consultation and support tailored to your specific needs. We are committed to providing professional, reliable, and effective services, assisting you in completing all procedures conveniently and securely.<\/p>\n<p><img loading=\"lazy\" decoding=\"async\" class=\"alignnone size-full wp-image-796\" src=\"https:\/\/namthienlong.co.uk\/wp-content\/uploads\/2024\/03\/pexels-vlada-karpovich-7099917-scaled.jpg\" alt=\"\" width=\"1707\" height=\"2560\" \/><\/p>\n\t\t<\/div>\n\t\t\t\t\t<\/div>\n\n\t\n\n\t<div id=\"col-1360935903\" class=\"col hide-for-small medium-3 small-12 large-3\"  >\n\t\t\t\t<div class=\"col-inner\"  >\n\t\t\t\n\t\t\t\n<div class=\"row\"  id=\"row-983616702\">\n\n\n\t<div id=\"col-1452957234\" class=\"col menu-bg small-12 large-12\"  >\n\t\t\t\t<div class=\"col-inner\"  >\n\t\t\t\n\t\t\t\n\n\t<div id=\"gap-1869518156\" class=\"gap-element clearfix\" style=\"display:block; height:auto;\">\n\t\t\n<style>\n#gap-1869518156 {\n  padding-top: 20px;\n}\n<\/style>\n\t<\/div>\n\t\n\n<h3>D\u1ecbch V\u1ee5<\/h3>\n<div class=\"is-divider divider clearfix\" style=\"max-width:100%;height:1px;background-color:rgb(24, 121, 93);\"><\/div>\n\n\t<div class=\"ux-menu stack stack-col justify-start menu-line ux-menu--divider-solid\">\n\t\t\n\n\t<div class=\"ux-menu-link flex menu-item\">\n\t\t<a class=\"ux-menu-link__link flex\" href=\"https:\/\/namthienlong.co.uk\/visa\/\" >\n\t\t\t\t\t\t<span class=\"ux-menu-link__text\">\n\t\t\t\tVisa\t\t\t<\/span>\n\t\t<\/a>\n\t<\/div>\n\t\n\n\t<div class=\"ux-menu-link flex menu-item\">\n\t\t<a class=\"ux-menu-link__link flex\" href=\"https:\/\/namthienlong.co.uk\/ve-may-bay\/\" >\n\t\t\t\t\t\t<span class=\"ux-menu-link__text\">\n\t\t\t\tV\u00e9 m\u00e1y bay\t\t\t<\/span>\n\t\t<\/a>\n\t<\/div>\n\t\n\n\t<div class=\"ux-menu-link flex menu-item\">\n\t\t<a class=\"ux-menu-link__link flex\" href=\"https:\/\/namthienlong.co.uk\/ho-chieu\/\" >\n\t\t\t\t\t\t<span class=\"ux-menu-link__text\">\n\t\t\t\tH\u1ed9 chi\u1ebfu\t\t\t<\/span>\n\t\t<\/a>\n\t<\/div>\n\t\n\n\t<div class=\"ux-menu-link flex menu-item\">\n\t\t<a class=\"ux-menu-link__link flex\" href=\"https:\/\/namthienlong.co.uk\" >\n\t\t\t\t\t\t<span class=\"ux-menu-link__text\">\n\t\t\t\tD\u1ecbch v\u1ee5 kh\u00e1c\t\t\t<\/span>\n\t\t<\/a>\n\t<\/div>\n\t\n\n\t<div class=\"ux-menu-link flex menu-item\">\n\t\t<a class=\"ux-menu-link__link flex\" href=\"https:\/\/namthienlong.co.uk\/dich-vu-khac\/dich-vu-hoi-huong\/\" >\n\t\t\t\t\t\t<span class=\"ux-menu-link__text\">\n\t\t\t\tD\u1ecbch v\u1ee5 h\u1ed3i h\u01b0\u01a1ng\t\t\t<\/span>\n\t\t<\/a>\n\t<\/div>\n\t\n\n\t<div class=\"ux-menu-link flex menu-item\">\n\t\t<a class=\"ux-menu-link__link flex\" href=\"https:\/\/namthienlong.co.uk\/dich-vu-khac\/dich-thuat-cong-chung\/\" >\n\t\t\t\t\t\t<span class=\"ux-menu-link__text\">\n\t\t\t\tD\u1ecbch thu\u1eadt, c\u00f4ng ch\u1ee9ng\t\t\t<\/span>\n\t\t<\/a>\n\t<\/div>\n\t\n\n\t<div class=\"ux-menu-link flex menu-item\">\n\t\t<a class=\"ux-menu-link__link flex\" href=\"https:\/\/namthienlong.co.uk\/dich-vu-khac\/hop-phap-hoa-lanh-su\/\" >\n\t\t\t\t\t\t<span class=\"ux-menu-link__text\">\n\t\t\t\tH\u1ee3p ph\u00e1p h\u00f3a l\u00e3nh s\u1ef1\t\t\t<\/span>\n\t\t<\/a>\n\t<\/div>\n\t\n\n\t<div class=\"ux-menu-link flex menu-item\">\n\t\t<a class=\"ux-menu-link__link flex\" href=\"https:\/\/namthienlong.co.uk\/dich-vu-khac\/dich-vu-dua-don-san-bay\/\" >\n\t\t\t\t\t\t<span class=\"ux-menu-link__text\">\n\t\t\t\tD\u1ecbch v\u1ee5 \u0111\u01b0a \u0111\u00f3n s\u00e2n bay\t\t\t<\/span>\n\t\t<\/a>\n\t<\/div>\n\t\n\n\n\t<\/div>\n\t\n\n\t\t<\/div>\n\t\t\t\t\t<\/div>\n\n\t\n\n<\/div>\n<div class=\"row\"  id=\"row-735398953\">\n\n\n\t<div id=\"col-1757215301\" class=\"col small-12 large-12\"  >\n\t\t\t\t<div class=\"col-inner\"  >\n\t\t\t\n\t\t\t\n\n<h3>Tin t\u1ee9c<\/h3>\n<div class=\"is-divider divider clearfix\" style=\"max-width:100%;height:1px;background-color:rgb(24, 121, 93);\"><\/div>\n\n\n  \n    <div class=\"row large-columns-1 medium-columns-1 small-columns-1\" >\n  <\/div>\n\n\n\t\t<\/div>\n\t\t\t\t\t<\/div>\n\n\t\n\n<\/div>\n\t\t<\/div>\n\t\t\t\t\t<\/div>\n\n\t\n<\/div>\n\t\t<\/div>\n\n\t\t\n<style>\n#section_1746500797 {\n  padding-top: 30px;\n  padding-bottom: 30px;\n}\n<\/style>\n\t<\/section>\n\t\n","protected":false},"excerpt":{"rendered":"","protected":false},"author":2,"featured_media":0,"parent":1115,"menu_order":0,"comment_status":"closed","ping_status":"closed","template":"page-blank.php","meta":{"inline_featured_image":false,"footnotes":""},"class_list":["post-1083","page","type-page","status-publish","hentry"],"_links":{"self":[{"href":"https:\/\/namthienlong.co.uk\/en\/wp-json\/wp\/v2\/pages\/1083","targetHints":{"allow":["GET"]}}],"collection":[{"href":"https:\/\/namthienlong.co.uk\/en\/wp-json\/wp\/v2\/pages"}],"about":[{"href":"https:\/\/namthienlong.co.uk\/en\/wp-json\/wp\/v2\/types\/page"}],"author":[{"embeddable":true,"href":"https:\/\/namthienlong.co.uk\/en\/wp-json\/wp\/v2\/users\/2"}],"replies":[{"embeddable":true,"href":"https:\/\/namthienlong.co.uk\/en\/wp-json\/wp\/v2\/comments?post=1083"}],"version-history":[{"count":5,"href":"https:\/\/namthienlong.co.uk\/en\/wp-json\/wp\/v2\/pages\/1083\/revisions"}],"predecessor-version":[{"id":1202,"href":"https:\/\/namthienlong.co.uk\/en\/wp-json\/wp\/v2\/pages\/1083\/revisions\/1202"}],"up":[{"embeddable":true,"href":"https:\/\/namthienlong.co.uk\/en\/wp-json\/wp\/v2\/pages\/1115"}],"wp:attachment":[{"href":"https:\/\/namthienlong.co.uk\/en\/wp-json\/wp\/v2\/media?parent=1083"}],"curies":[{"name":"wp","href":"https:\/\/api.w.org\/{rel}","templated":true}]}}