{"id":1115,"date":"2024-04-01T16:05:11","date_gmt":"2024-04-01T16:05:11","guid":{"rendered":"https:\/\/namthienlong.co.uk\/dich-vu-khac\/"},"modified":"2024-04-16T18:47:17","modified_gmt":"2024-04-16T18:47:17","slug":"dich-vu-khac","status":"publish","type":"page","link":"https:\/\/namthienlong.co.uk\/en\/dich-vu-khac\/","title":{"rendered":"Other services"},"content":{"rendered":"\n  <div class=\"banner has-hover\" id=\"banner-171190021\">\n          <div class=\"banner-inner fill\">\n        <div class=\"banner-bg fill\" >\n            <img loading=\"lazy\" decoding=\"async\" width=\"2560\" height=\"1707\" src=\"https:\/\/namthienlong.co.uk\/wp-content\/uploads\/2024\/03\/pexels-yan-krukau-8867434-scaled.jpg\" class=\"bg attachment-original size-original\" alt=\"\" \/>                        <div class=\"overlay\"><\/div>            \n                    <\/div>\n\t\t\n        <div class=\"banner-layers container\">\n            <div class=\"fill banner-link\"><\/div>            \n   <div id=\"text-box-1470625108\" class=\"text-box banner-layer x50 md-x50 lg-x50 y50 md-y50 lg-y50 res-text\">\n                                <div class=\"text-box-content text dark\">\n              \n              <div class=\"text-inner text-center\">\n                  \n\t<div id=\"text-3449007620\" class=\"text\">\n\t\t\n<h3 class=\"uppercase\">Other services<\/h3>\n\t\t\n<style>\n#text-3449007620 {\n  font-size: 1.4rem;\n}\n<\/style>\n\t<\/div>\n\t\n              <\/div>\n           <\/div>\n                            \n<style>\n#text-box-1470625108 {\n  width: 60%;\n}\n#text-box-1470625108 .text-box-content {\n  font-size: 100%;\n}\n<\/style>\n    <\/div>\n \n        <\/div>\n      <\/div>\n\n            \n<style>\n#banner-171190021 {\n  padding-top: 400px;\n}\n#banner-171190021 .overlay {\n  background-color: rgba(0, 0, 0, 0.61);\n}\n#banner-171190021 .banner-bg img {\n  object-position: 26% 24%;\n}\n<\/style>\n  <\/div>\n\n\n\n\t<section class=\"section\" id=\"section_941419265\">\n\t\t<div class=\"section-bg fill\" >\n\t\t\t\t\t\t\t\t\t\n\t\t\t\n\n\t\t<\/div>\n\n\t\t\n\n\t\t<div class=\"section-content relative\">\n\t\t\t\n<div class=\"row\"  id=\"row-1478463332\">\n\n\t<div id=\"col-807399668\" class=\"col medium-9 small-12 large-9\"  >\n\t\t\t\t<div class=\"col-inner\"  >\n\t\t\t\n\t\t\t\n\t<div class=\"img has-hover x md-x lg-x y md-y lg-y\" id=\"image_1531831117\">\n\t\t\t\t\t\t\t\t<div class=\"img-inner dark\" >\n\t\t\t<img loading=\"lazy\" decoding=\"async\" width=\"2560\" height=\"1707\" src=\"https:\/\/namthienlong.co.uk\/wp-content\/uploads\/2024\/03\/pexels-gustavo-fring-4173211-scaled.jpg\" class=\"attachment-large size-large\" alt=\"\" \/>\t\t\t\t\t\t\n\t\t\t\t\t<\/div>\n\t\t\t\t\t\t\t\t\n<style>\n#image_1531831117 {\n  width: 100%;\n}\n<\/style>\n\t<\/div>\n\t\n<div class=\"flex-1 overflow-hidden\">\n<div class=\"react-scroll-to-bottom--css-ijuaa-79elbk h-full\">\n<div class=\"react-scroll-to-bottom--css-ijuaa-1n7m0yu\">\n<div class=\"flex flex-col text-sm pb-9\">\n<div class=\"w-full text-token-text-primary\" dir=\"auto\" data-testid=\"conversation-turn-3\">\n<div class=\"px-4 py-2 justify-center text-base md:gap-6 m-auto\">\n<div class=\"flex flex-1 text-base mx-auto gap-3 juice:gap-4 juice:md:gap-6 md:px-5 lg:px-1 xl:px-5 md:max-w-3xl lg:max-w-&#091;40rem&#093; xl:max-w-&#091;48rem&#093;\">\n<div class=\"relative flex w-full flex-col agent-turn\">\n<div class=\"flex-col gap-1 md:gap-3\">\n<div class=\"flex flex-grow flex-col max-w-full\">\n<div class=\"min-h-&#091;20px&#093; text-message flex flex-col items-start gap-3 whitespace-pre-wrap break-words &#091;.text-message+&amp;&#093;:mt-5 overflow-x-auto\" dir=\"auto\" data-message-author-role=\"assistant\" data-message-id=\"36d189db-7fba-497b-8208-7cd8f77ae3b2\">\n<div class=\"markdown prose w-full break-words dark:prose-invert light\">\n<h1><span style=\"color: #000080;\">Discover the Diverse Services of Nam Thien Long: Supporting Every Aspect of Your Travel Journey<\/span><\/h1>\n<p>At Nam Thien Long Travel Company, we take pride in being the trusted partner of every traveler on their journey to explore the world. Beyond offering services such as flight bookings, hotel reservations, and tour arrangements, we provide a range of additional services aimed at delivering a flawless travel experience that nothing can disrupt.<\/p>\n<h2><span style=\"color: #000080;\">Repatriation Services for Vietnamese Nationals in the UK: Companion in Every Circumstance<\/span><\/h2>\n<p>For Vietnamese nationals residing and working in the United Kingdom, we offer professional repatriation services. From visa applications to job search, and from understanding to integrating into the new way of life, we will accompany you every step of the way to help you feel comfortable and confident in your new homeland.<\/p>\n<\/div>\n<\/div>\n<\/div>\n<\/div>\n<\/div>\n<\/div>\n<\/div>\n<\/div>\n<\/div>\n<\/div>\n<\/div>\n<\/div>\n<h1><img loading=\"lazy\" decoding=\"async\" class=\"alignnone size-full wp-image-739\" style=\"color: #555555; font-size: 14.4px;\" src=\"https:\/\/namthienlong.co.uk\/wp-content\/uploads\/2024\/03\/pexels-rdne-stock-project-7414005-scaled.jpg\" alt=\"\" width=\"2560\" height=\"1707\" \/><\/h1>\n<h2><span style=\"color: #000080;\">Airport Transfer: Convenience and Time Saving<\/span><\/h2>\n<p>We understand that arriving at and departing from the airport can be a stressful part of your journey. With our airport transfer service, you will be safely picked up and dropped off right at the airport door in a safe and convenient manner. No need to worry about navigation or encountering inconvenient situations; let us take care of this aspect and help you start or end your journey smoothly.<\/p>\n<h2><span style=\"color: #000080;\">Consular Legalization: Attentive and Professional Support<\/span><\/h2>\n<p>To save time and energy in the process of administrative procedures, we provide consular legalization services. With attentive and professional support from our team of staff, you will be able to complete all procedures quickly and easily, helping you save time and money.<\/p>\n<p><img loading=\"lazy\" decoding=\"async\" class=\"alignnone size-full wp-image-713\" src=\"https:\/\/namthienlong.co.uk\/wp-content\/uploads\/2024\/03\/pexels-angela-roma-7364082-scaled.jpg\" alt=\"\" width=\"2560\" height=\"1707\" \/><\/p>\n<div class=\"flex-1 overflow-hidden\">\n<div class=\"react-scroll-to-bottom--css-ijuaa-79elbk h-full\">\n<div class=\"react-scroll-to-bottom--css-ijuaa-1n7m0yu\">\n<div class=\"flex flex-col text-sm pb-9\">\n<div class=\"w-full text-token-text-primary\" dir=\"auto\" data-testid=\"conversation-turn-3\">\n<div class=\"px-4 py-2 justify-center text-base md:gap-6 m-auto\">\n<div class=\"flex flex-1 text-base mx-auto gap-3 juice:gap-4 juice:md:gap-6 md:px-5 lg:px-1 xl:px-5 md:max-w-3xl lg:max-w-&#091;40rem&#093; xl:max-w-&#091;48rem&#093;\">\n<div class=\"relative flex w-full flex-col agent-turn\">\n<div class=\"flex-col gap-1 md:gap-3\">\n<div class=\"flex flex-grow flex-col max-w-full\">\n<div class=\"min-h-&#091;20px&#093; text-message flex flex-col items-start gap-3 whitespace-pre-wrap break-words &#091;.text-message+&amp;&#093;:mt-5 overflow-x-auto\" dir=\"auto\" data-message-author-role=\"assistant\" data-message-id=\"07efec72-7751-4d0a-b753-fdad8c10ec62\">\n<div class=\"markdown prose w-full break-words dark:prose-invert light\">\n<h2><span style=\"color: #000080;\">Certified Translation: Quality and Trustworthiness<\/span><\/h2>\n<p>At Nam Thien Long Travel Company, we offer professional certified translation services to assist you with translating important documents such as passports, personal identification papers, contracts, and other legal documents. We are committed to providing you with high-quality, reliable, and timely translation services, ensuring a smooth and convenient completion of all procedures.<\/p>\n<h2><span style=\"color: #993300;\">Contact Us Today!<\/span><\/h2>\n<p>With our team of dedicated, experienced, and professional staff, we guarantee to provide you with the best services, meeting all your needs in every travel journey and aspect of life.<\/p>\n<\/div>\n<\/div>\n<\/div>\n<\/div>\n<\/div>\n<\/div>\n<\/div>\n<\/div>\n<\/div>\n<\/div>\n<\/div>\n<\/div>\n<p><img loading=\"lazy\" decoding=\"async\" class=\"alignnone size-full wp-image-733\" src=\"https:\/\/namthienlong.co.uk\/wp-content\/uploads\/2024\/03\/pexels-andrea-piacquadio-3830752-scaled.jpg\" alt=\"\" width=\"1591\" height=\"2560\" \/><\/p>\n\t\t<\/div>\n\t\t\t\t\t<\/div>\n\n\t\n\n\t<div id=\"col-1478749626\" class=\"col hide-for-small medium-3 small-12 large-3\"  >\n\t\t\t\t<div class=\"col-inner\"  >\n\t\t\t\n\t\t\t\n<div class=\"row\"  id=\"row-1241942176\">\n\n\n\t<div id=\"col-481452852\" class=\"col menu-bg small-12 large-12\"  >\n\t\t\t\t<div class=\"col-inner\"  >\n\t\t\t\n\t\t\t\n\n\t<div id=\"gap-1683436899\" class=\"gap-element clearfix\" style=\"display:block; height:auto;\">\n\t\t\n<style>\n#gap-1683436899 {\n  padding-top: 20px;\n}\n<\/style>\n\t<\/div>\n\t\n\n<h3>D\u1ecbch V\u1ee5<\/h3>\n<div class=\"is-divider divider clearfix\" style=\"max-width:100%;height:1px;background-color:rgb(24, 121, 93);\"><\/div>\n\n\t<div class=\"ux-menu stack stack-col justify-start menu-line ux-menu--divider-solid\">\n\t\t\n\n\t<div class=\"ux-menu-link flex menu-item\">\n\t\t<a class=\"ux-menu-link__link flex\" href=\"https:\/\/namthienlong.co.uk\/visa\/\" >\n\t\t\t\t\t\t<span class=\"ux-menu-link__text\">\n\t\t\t\tVisa\t\t\t<\/span>\n\t\t<\/a>\n\t<\/div>\n\t\n\n\t<div class=\"ux-menu-link flex menu-item\">\n\t\t<a class=\"ux-menu-link__link flex\" href=\"https:\/\/namthienlong.co.uk\/ve-may-bay\/\" >\n\t\t\t\t\t\t<span class=\"ux-menu-link__text\">\n\t\t\t\tV\u00e9 m\u00e1y bay\t\t\t<\/span>\n\t\t<\/a>\n\t<\/div>\n\t\n\n\t<div class=\"ux-menu-link flex menu-item\">\n\t\t<a class=\"ux-menu-link__link flex\" href=\"https:\/\/namthienlong.co.uk\/ho-chieu\/\" >\n\t\t\t\t\t\t<span class=\"ux-menu-link__text\">\n\t\t\t\tH\u1ed9 chi\u1ebfu\t\t\t<\/span>\n\t\t<\/a>\n\t<\/div>\n\t\n\n\t<div class=\"ux-menu-link flex menu-item\">\n\t\t<a class=\"ux-menu-link__link flex\" href=\"https:\/\/namthienlong.co.uk\" >\n\t\t\t\t\t\t<span class=\"ux-menu-link__text\">\n\t\t\t\tD\u1ecbch v\u1ee5 kh\u00e1c\t\t\t<\/span>\n\t\t<\/a>\n\t<\/div>\n\t\n\n\t<div class=\"ux-menu-link flex menu-item\">\n\t\t<a class=\"ux-menu-link__link flex\" href=\"https:\/\/namthienlong.co.uk\/dich-vu-khac\/dich-vu-hoi-huong\/\" >\n\t\t\t\t\t\t<span class=\"ux-menu-link__text\">\n\t\t\t\tD\u1ecbch v\u1ee5 h\u1ed3i h\u01b0\u01a1ng\t\t\t<\/span>\n\t\t<\/a>\n\t<\/div>\n\t\n\n\t<div class=\"ux-menu-link flex menu-item\">\n\t\t<a class=\"ux-menu-link__link flex\" href=\"https:\/\/namthienlong.co.uk\/dich-vu-khac\/dich-thuat-cong-chung\/\" >\n\t\t\t\t\t\t<span class=\"ux-menu-link__text\">\n\t\t\t\tD\u1ecbch thu\u1eadt, c\u00f4ng ch\u1ee9ng\t\t\t<\/span>\n\t\t<\/a>\n\t<\/div>\n\t\n\n\t<div class=\"ux-menu-link flex menu-item\">\n\t\t<a class=\"ux-menu-link__link flex\" href=\"https:\/\/namthienlong.co.uk\/dich-vu-khac\/hop-phap-hoa-lanh-su\/\" >\n\t\t\t\t\t\t<span class=\"ux-menu-link__text\">\n\t\t\t\tH\u1ee3p ph\u00e1p h\u00f3a l\u00e3nh s\u1ef1\t\t\t<\/span>\n\t\t<\/a>\n\t<\/div>\n\t\n\n\t<div class=\"ux-menu-link flex menu-item\">\n\t\t<a class=\"ux-menu-link__link flex\" href=\"https:\/\/namthienlong.co.uk\/dich-vu-khac\/dich-vu-dua-don-san-bay\/\" >\n\t\t\t\t\t\t<span class=\"ux-menu-link__text\">\n\t\t\t\tD\u1ecbch v\u1ee5 \u0111\u01b0a \u0111\u00f3n s\u00e2n bay\t\t\t<\/span>\n\t\t<\/a>\n\t<\/div>\n\t\n\n\n\t<\/div>\n\t\n\n\t\t<\/div>\n\t\t\t\t\t<\/div>\n\n\t\n\n<\/div>\n<div class=\"row\"  id=\"row-993785450\">\n\n\n\t<div id=\"col-967288529\" class=\"col small-12 large-12\"  >\n\t\t\t\t<div class=\"col-inner\"  >\n\t\t\t\n\t\t\t\n\n<h3>Tin t\u1ee9c<\/h3>\n<div class=\"is-divider divider clearfix\" style=\"max-width:100%;height:1px;background-color:rgb(24, 121, 93);\"><\/div>\n\n\n  \n    <div class=\"row large-columns-1 medium-columns-1 small-columns-1\" >\n  <\/div>\n\n\n\t\t<\/div>\n\t\t\t\t\t<\/div>\n\n\t\n\n<\/div>\n\t\t<\/div>\n\t\t\t\t\t<\/div>\n\n\t\n<\/div>\n\t\t<\/div>\n\n\t\t\n<style>\n#section_941419265 {\n  padding-top: 30px;\n  padding-bottom: 30px;\n}\n<\/style>\n\t<\/section>\n\t\n","protected":false},"excerpt":{"rendered":"","protected":false},"author":2,"featured_media":0,"parent":0,"menu_order":0,"comment_status":"closed","ping_status":"closed","template":"","meta":{"inline_featured_image":false,"footnotes":""},"class_list":["post-1115","page","type-page","status-publish","hentry"],"_links":{"self":[{"href":"https:\/\/namthienlong.co.uk\/en\/wp-json\/wp\/v2\/pages\/1115","targetHints":{"allow":["GET"]}}],"collection":[{"href":"https:\/\/namthienlong.co.uk\/en\/wp-json\/wp\/v2\/pages"}],"about":[{"href":"https:\/\/namthienlong.co.uk\/en\/wp-json\/wp\/v2\/types\/page"}],"author":[{"embeddable":true,"href":"https:\/\/namthienlong.co.uk\/en\/wp-json\/wp\/v2\/users\/2"}],"replies":[{"embeddable":true,"href":"https:\/\/namthienlong.co.uk\/en\/wp-json\/wp\/v2\/comments?post=1115"}],"version-history":[{"count":3,"href":"https:\/\/namthienlong.co.uk\/en\/wp-json\/wp\/v2\/pages\/1115\/revisions"}],"predecessor-version":[{"id":1199,"href":"https:\/\/namthienlong.co.uk\/en\/wp-json\/wp\/v2\/pages\/1115\/revisions\/1199"}],"wp:attachment":[{"href":"https:\/\/namthienlong.co.uk\/en\/wp-json\/wp\/v2\/media?parent=1115"}],"curies":[{"name":"wp","href":"https:\/\/api.w.org\/{rel}","templated":true}]}}